{"id":33,"date":"2026-04-27T13:05:06","date_gmt":"2026-04-27T12:05:06","guid":{"rendered":"http:\/\/bip.gops.lubochnia.pl\/?page_id=33"},"modified":"2026-04-27T13:05:06","modified_gmt":"2026-04-27T12:05:06","slug":"dane-adresowe","status":"publish","type":"page","link":"https:\/\/bip.gops.lubochnia.pl\/","title":{"rendered":"Dane adresowe"},"content":{"rendered":"\n<p>Ul. Tomaszowska 9<\/p>\n\n\n\n<p>97-217 Lubochnia<\/p>\n\n\n\n<p>Powiat: Tomaszowski<\/p>\n\n\n\n<p>Wojew\u00f3dztwo: \u0141\u00f3dzkie<\/p>\n\n\n\n<p>Tel.\/ fax: \u00a044 710-32-12<\/p>\n\n\n\n<p>Adres e-mail: <a href=\"mailto:gops@lubochnia.pl\">gops@lubochnia.pl<\/a><\/p>\n\n\n\n<p>Adres skrytki na ePUAP: \/GOPSLubochnia\/SkrytkaESP<\/p>\n\n\n\n<p>e-Dor\u0119czenia: AE:PL-98515-69809-ABWHA-38<\/p>\n\n\n\n<p><\/p>\n","protected":false},"excerpt":{"rendered":"<p>Ul. Tomaszowska 9 97-217 Lubochnia Powiat: Tomaszowski Wojew\u00f3dztwo: \u0141\u00f3dzkie Tel.\/ fax: \u00a044 710-32-12 Adres e-mail: gops@lubochnia.pl Adres skrytki na ePUAP: \/GOPSLubochnia\/SkrytkaESP e-Dor\u0119czenia: AE:PL-98515-69809-ABWHA-38<\/p>\n","protected":false},"author":1,"featured_media":0,"parent":0,"menu_order":0,"comment_status":"closed","ping_status":"closed","template":"","meta":{"footnotes":""},"class_list":["post-33","page","type-page","status-publish","hentry"],"_links":{"self":[{"href":"https:\/\/bip.gops.lubochnia.pl\/index.php\/wp-json\/wp\/v2\/pages\/33","targetHints":{"allow":["GET"]}}],"collection":[{"href":"https:\/\/bip.gops.lubochnia.pl\/index.php\/wp-json\/wp\/v2\/pages"}],"about":[{"href":"https:\/\/bip.gops.lubochnia.pl\/index.php\/wp-json\/wp\/v2\/types\/page"}],"author":[{"embeddable":true,"href":"https:\/\/bip.gops.lubochnia.pl\/index.php\/wp-json\/wp\/v2\/users\/1"}],"replies":[{"embeddable":true,"href":"https:\/\/bip.gops.lubochnia.pl\/index.php\/wp-json\/wp\/v2\/comments?post=33"}],"version-history":[{"count":1,"href":"https:\/\/bip.gops.lubochnia.pl\/index.php\/wp-json\/wp\/v2\/pages\/33\/revisions"}],"predecessor-version":[{"id":34,"href":"https:\/\/bip.gops.lubochnia.pl\/index.php\/wp-json\/wp\/v2\/pages\/33\/revisions\/34"}],"wp:attachment":[{"href":"https:\/\/bip.gops.lubochnia.pl\/index.php\/wp-json\/wp\/v2\/media?parent=33"}],"curies":[{"name":"wp","href":"https:\/\/api.w.org\/{rel}","templated":true}]}}