{"id":38,"date":"2026-04-27T13:08:34","date_gmt":"2026-04-27T12:08:34","guid":{"rendered":"http:\/\/bip.gops.lubochnia.pl\/?page_id=38"},"modified":"2026-04-27T13:08:34","modified_gmt":"2026-04-27T12:08:34","slug":"rodo","status":"publish","type":"page","link":"https:\/\/bip.gops.lubochnia.pl\/index.php\/rodo\/","title":{"rendered":"RODO"},"content":{"rendered":"\n<p><strong>Informacja Administratora<\/strong><\/p>\n\n\n\n<p>Na podstawie art. 13 ust. 1 i 2 Rozporz\u0105dzenia Parlamentu Europejskiego i Rady (UE) 2016\/679 z dnia 27 kwietnia 2016r. w sprawie ochrony os\u00f3b fizycznych w zwi\u0105zku z przetwarzaniem danych osobowych i w sprawie swobodnego przep\u0142ywu takich danych oraz uchylenia dyrektywy 95\/46\/WE (og\u00f3lne rozporz\u0105dzenie o ochronie danych), Dz. U. UE. L. 2016.119.1 z dnia 4 maja 2016r., dalej RODO informuj\u0119:<br>1. <strong>Administrator:<\/strong><\/p>\n\n\n\n<p>Kierownik Gminnego O\u015brodka Pomocy Spo\u0142ecznej w Lubochni z siedzib\u0105 w Lubochni Dworskiej, 97-217 Lubochnia , ul. Tomaszowska 9<\/p>\n\n\n\n<hr class=\"wp-block-separator has-alpha-channel-opacity\"\/>\n\n\n\n<p><strong>Kontakt&nbsp;do&nbsp;Inspektora&nbsp;ochrony&nbsp;danych:<\/strong>&nbsp;<a href=\"mailto:iodo@lubochnia.pl\" target=\"_blank\" rel=\"noreferrer noopener\">iodo@lubochnia.pl<\/a><br>2. Pana\/Pani dane osobowe w postaci adresu IP, s\u0105 przetwarzane w celu udost\u0119pniania strony internetowej oraz wype\u0142nienia obowi\u0105zk\u00f3w prawnych spoczywaj\u0105cych na administratorze(art.6 ust.1 lit.c RODO),<br>3. je\u017celi korzysta Pan\/Pani z odno\u015bnika na stronie b\u0119d\u0105cego adresem e-mail plac\u00f3wki to zgadza si\u0119 Pan\/Pani na przetwarzanie danych w celu udzielenia odpowiedzi,<br>4. dane osobowe mog\u0105 by\u0107 przekazywane organom pa\u0144stwowym, organom ochrony prawnej (Policja, Prokuratura, S\u0105d) lub organom samorz\u0105du terytorialnego w zwi\u0105zku z prowadzonym post\u0119powaniem,<br>5. Pana\/Pani dane osobowe nie b\u0119d\u0105 przekazywane do pa\u0144stwa trzeciego ani do organizacji mi\u0119dzynarodowej,<br>6. Pana\/Pani dane osobowe b\u0119d\u0105 przetwarzane wy\u0142\u0105cznie przez okres i w zakresie niezb\u0119dnym do realizacji celu przetwarzania,<br>7. przys\u0142uguje Panu\/Pani prawo dost\u0119pu do tre\u015bci swoich danych osobowych oraz ich sprostowania, usuni\u0119cia lub ograniczenia przetwarzania lub prawo do wniesienia sprzeciwu wobec przetwarzania,<br>8. ma Pan\/Pani prawo wniesienia skargi do Prezesa Urz\u0119du Ochrony Danych Osobowych,<br>9. podanie przez Pana\/Pani\u0105 danych osobowych jest fakultatywne (dobrowolne) w celu udost\u0119pnienia strony internetowej,<br>10. Pana\/Pani dane osobowe nie b\u0119d\u0105 podlega\u0142y zautomatyzowanym procesom podejmowania decyzji przez Administratora, w tym profilowaniu.<\/p>\n","protected":false},"excerpt":{"rendered":"<p>Informacja Administratora Na podstawie art. 13 ust. 1 i 2 Rozporz\u0105dzenia Parlamentu Europejskiego i Rady (UE) 2016\/679 z dnia 27 kwietnia 2016r. w sprawie ochrony os\u00f3b fizycznych w zwi\u0105zku z przetwarzaniem danych osobowych i w sprawie swobodnego przep\u0142ywu takich danych oraz uchylenia dyrektywy 95\/46\/WE (og\u00f3lne rozporz\u0105dzenie o ochronie danych), Dz. U. UE. L. 2016.119.1 z [&hellip;]<\/p>\n","protected":false},"author":1,"featured_media":0,"parent":0,"menu_order":0,"comment_status":"closed","ping_status":"closed","template":"","meta":{"footnotes":""},"class_list":["post-38","page","type-page","status-publish","hentry"],"_links":{"self":[{"href":"https:\/\/bip.gops.lubochnia.pl\/index.php\/wp-json\/wp\/v2\/pages\/38","targetHints":{"allow":["GET"]}}],"collection":[{"href":"https:\/\/bip.gops.lubochnia.pl\/index.php\/wp-json\/wp\/v2\/pages"}],"about":[{"href":"https:\/\/bip.gops.lubochnia.pl\/index.php\/wp-json\/wp\/v2\/types\/page"}],"author":[{"embeddable":true,"href":"https:\/\/bip.gops.lubochnia.pl\/index.php\/wp-json\/wp\/v2\/users\/1"}],"replies":[{"embeddable":true,"href":"https:\/\/bip.gops.lubochnia.pl\/index.php\/wp-json\/wp\/v2\/comments?post=38"}],"version-history":[{"count":1,"href":"https:\/\/bip.gops.lubochnia.pl\/index.php\/wp-json\/wp\/v2\/pages\/38\/revisions"}],"predecessor-version":[{"id":39,"href":"https:\/\/bip.gops.lubochnia.pl\/index.php\/wp-json\/wp\/v2\/pages\/38\/revisions\/39"}],"wp:attachment":[{"href":"https:\/\/bip.gops.lubochnia.pl\/index.php\/wp-json\/wp\/v2\/media?parent=38"}],"curies":[{"name":"wp","href":"https:\/\/api.w.org\/{rel}","templated":true}]}}